{"id":6,"date":"2026-03-30T16:17:29","date_gmt":"2026-03-30T16:17:29","guid":{"rendered":"https:\/\/alumnus.cl\/verificar\/?page_id=6"},"modified":"2026-04-24T17:30:56","modified_gmt":"2026-04-24T17:30:56","slug":"validador","status":"publish","type":"page","link":"https:\/\/alumnus.cl\/verificar\/index.php\/validador\/","title":{"rendered":""},"content":{"rendered":"\n<div class=\"wp-block-group alignfull is-style-section-1 has-base-background-color has-background has-global-padding is-content-justification-center is-layout-constrained wp-container-core-group-is-layout-f48a8ef3 wp-block-group-is-layout-constrained is-style-section-1--1\" style=\"min-height:100vh;margin-top:60px;margin-bottom:60px;padding-top:var(--wp--preset--spacing--60);padding-right:var(--wp--preset--spacing--60);padding-bottom:var(--wp--preset--spacing--60);padding-left:var(--wp--preset--spacing--60)\">\n<div class=\"wp-block-columns alignwide are-vertically-aligned-center is-layout-flex wp-container-core-columns-is-layout-643ced6b wp-block-columns-is-layout-flex\">\n<div class=\"wp-block-column is-vertically-aligned-center is-layout-flow wp-block-column-is-layout-flow\">\n<div class=\"wp-block-group has-border-color has-global-padding is-content-justification-center is-layout-constrained wp-container-core-group-is-layout-c39f8ea7 wp-block-group-is-layout-constrained\" style=\"border-color:color-mix(in srgb, currentColor 20%, transparent);border-style:solid;border-width:1px;border-top-left-radius:12px;border-top-right-radius:12px;border-bottom-left-radius:12px;border-bottom-right-radius:12px;min-height:301px;padding-top:var(--wp--preset--spacing--30);padding-right:var(--wp--preset--spacing--20);padding-bottom:var(--wp--preset--spacing--30);padding-left:var(--wp--preset--spacing--20)\">\n<div class=\"wp-block-group is-vertical is-content-justification-stretch is-layout-flex wp-container-core-group-is-layout-e0873eb8 wp-block-group-is-layout-flex\" style=\"padding-top:var(--wp--preset--spacing--20);padding-right:var(--wp--preset--spacing--20);padding-bottom:var(--wp--preset--spacing--20);padding-left:var(--wp--preset--spacing--20)\"><form role=\"search\" method=\"get\" action=\"https:\/\/alumnus.cl\/verificar\/\" style=\"margin-top:var(--wp--preset--spacing--20);margin-bottom:var(--wp--preset--spacing--20);margin-left:var(--wp--preset--spacing--30);margin-right:var(--wp--preset--spacing--30);\" class=\"wp-block-search__button-outside wp-block-search__icon-button wp-block-search\"    ><label class=\"wp-block-search__label screen-reader-text\" for=\"wp-block-search__input-2\" >Buscar<\/label><div class=\"wp-block-search__inside-wrapper\" ><input class=\"wp-block-search__input has-border-color\" id=\"wp-block-search__input-2\" placeholder=\"Ingrese su c\u00f3digo de validaci\u00f3n\" value=\"\" type=\"search\" name=\"s\" required  style=\"border-width: 3px;border-color: #7ed957\"\/><button aria-label=\"Verificar\" class=\"wp-block-search__button has-background has-border-color has-icon wp-element-button\" type=\"submit\"  style=\"border-width: 3px;border-color: #7ed957;background-color: #3a3e47\"><svg class=\"search-icon\" viewBox=\"0 0 24 24\" width=\"24\" height=\"24\">\n\t\t\t\t\t<path d=\"M13 5c-3.3 0-6 2.7-6 6 0 1.4.5 2.7 1.3 3.7l-3.8 3.8 1.1 1.1 3.8-3.8c1 .8 2.3 1.3 3.7 1.3 3.3 0 6-2.7 6-6S16.3 5 13 5zm0 10.5c-2.5 0-4.5-2-4.5-4.5s2-4.5 4.5-4.5 4.5 2 4.5 4.5-2 4.5-4.5 4.5z\"><\/path>\n\t\t\t\t<\/svg><\/button><\/div><\/form>\n\n\n<p class=\"has-medium-font-size\">Por favor, ingrese el <strong>C\u00f3digo<\/strong> o <strong>ID<\/strong> del documento para verificar autenticidad. Si contiene guiones, debe incluirlos en la b\u00fasqueda.<\/p>\n\n\n\n<p class=\"has-medium-font-size\">Si el c\u00f3digo es v\u00e1lido se desplegar\u00e1 un resumen de la informaci\u00f3n asociada.<\/p>\n<\/div>\n\n\n\n<p><\/p>\n\n\n\n<div class=\"wp-block-group is-vertical is-content-justification-stretch is-layout-flex wp-container-core-group-is-layout-e0873eb8 wp-block-group-is-layout-flex\" style=\"padding-top:var(--wp--preset--spacing--20);padding-right:var(--wp--preset--spacing--20);padding-bottom:var(--wp--preset--spacing--20);padding-left:var(--wp--preset--spacing--20)\">\n<p class=\"has-manrope-font-family\" style=\"font-size:clamp(0.875rem, 0.875rem + ((1vw - 0.2rem) * 0.039), 0.9rem);\"><\/p>\n<\/div>\n<\/div>\n<\/div>\n<\/div>\n\n\n\n<div class=\"wp-block-buttons is-layout-flex wp-container-core-buttons-is-layout-e7bbe70c wp-block-buttons-is-layout-flex\" style=\"border-style:none;border-width:0px;margin-top:var(--wp--preset--spacing--30);margin-bottom:var(--wp--preset--spacing--30)\">\n<div class=\"wp-block-button is-style-fill\"><a class=\"wp-block-button__link has-base-color has-text-color has-background has-link-color has-border-color has-medium-font-size has-custom-font-size wp-element-button\" href=\"https:\/\/www.alumnus.cl\" style=\"border-color:#7ed957;border-style:solid;border-width:3px;background-color:#3a3e47\">Volver al inicio<\/a><\/div>\n<\/div>\n<\/div>\n","protected":false},"excerpt":{"rendered":"<p>Por favor, ingrese el C\u00f3digo o ID del documento para verificar autenticidad. Si contiene guiones, debe incluirlos en la b\u00fasqueda. Si el c\u00f3digo es v\u00e1lido se desplegar\u00e1 un resumen de la informaci\u00f3n asociada.<\/p>\n","protected":false},"author":1,"featured_media":0,"parent":0,"menu_order":0,"comment_status":"closed","ping_status":"closed","template":"","meta":{"footnotes":""},"class_list":["post-6","page","type-page","status-publish","hentry"],"_links":{"self":[{"href":"https:\/\/alumnus.cl\/verificar\/index.php\/wp-json\/wp\/v2\/pages\/6","targetHints":{"allow":["GET"]}}],"collection":[{"href":"https:\/\/alumnus.cl\/verificar\/index.php\/wp-json\/wp\/v2\/pages"}],"about":[{"href":"https:\/\/alumnus.cl\/verificar\/index.php\/wp-json\/wp\/v2\/types\/page"}],"author":[{"embeddable":true,"href":"https:\/\/alumnus.cl\/verificar\/index.php\/wp-json\/wp\/v2\/users\/1"}],"replies":[{"embeddable":true,"href":"https:\/\/alumnus.cl\/verificar\/index.php\/wp-json\/wp\/v2\/comments?post=6"}],"version-history":[{"count":23,"href":"https:\/\/alumnus.cl\/verificar\/index.php\/wp-json\/wp\/v2\/pages\/6\/revisions"}],"predecessor-version":[{"id":593,"href":"https:\/\/alumnus.cl\/verificar\/index.php\/wp-json\/wp\/v2\/pages\/6\/revisions\/593"}],"wp:attachment":[{"href":"https:\/\/alumnus.cl\/verificar\/index.php\/wp-json\/wp\/v2\/media?parent=6"}],"curies":[{"name":"wp","href":"https:\/\/api.w.org\/{rel}","templated":true}]}}